{"id":1082,"date":"2022-12-08T16:50:09","date_gmt":"2022-12-08T15:50:09","guid":{"rendered":"https:\/\/humanizacjamedycyny.webprev.net\/?page_id=1082"},"modified":"2023-05-10T08:40:34","modified_gmt":"2023-05-10T06:40:34","slug":"o-humanisation","status":"publish","type":"page","link":"https:\/\/www.humanizacjamedycyny.pl\/en\/o-humanizacji\/","title":{"rendered":"On humanisation"},"content":{"rendered":"<p>[et_pb_section fb_built=&#8221;1&#8243; next_background_color=&#8221;#ffffff&#8221; _builder_version=&#8221;4.21.0&#8243; _module_preset=&#8221;default&#8221; use_background_color_gradient=&#8221;on&#8221; background_color_gradient_stops=&#8221;#dfeaf4 0%|#ffffff 100%&#8221; background_color_gradient_overlays_image=&#8221;on&#8221; background_enable_image=&#8221;off&#8221; custom_padding=&#8221;0px||0px||false|false&#8221; bottom_divider_style=&#8221;none&#8221; hover_enabled=&#8221;0&#8243; saved_tabs=&#8221;all&#8221; locked=&#8221;off&#8221; global_colors_info=&#8221;{}&#8221; sticky_enabled=&#8221;0&#8243;][et_pb_row custom_padding_last_edited=&#8221;on|desktop&#8221; _builder_version=&#8221;4.19.2&#8243; _module_preset=&#8221;default&#8221; custom_padding=&#8221;120px||120px||false|false&#8221; custom_padding_tablet=&#8221;80px||80px||true|false&#8221; custom_padding_phone=&#8221;40px||40px||true|false&#8221; global_module=&#8221;1140&#8243; saved_tabs=&#8221;all&#8221; global_colors_info=&#8221;{}&#8221;][et_pb_column type=&#8221;4_4&#8243; _builder_version=&#8221;4.19.2&#8243; _module_preset=&#8221;default&#8221; global_colors_info=&#8221;{}&#8221;][et_pb_text _builder_version=&#8221;4.19.2&#8243; _module_preset=&#8221;default&#8221; text_text_color=&#8221;#10172b&#8221; text_font_size=&#8221;16px&#8221; text_line_height=&#8221;24px&#8221; link_text_color=&#8221;#10172b&#8221; link_font_size=&#8221;16px&#8221; link_line_height=&#8221;24px&#8221; custom_margin_tablet=&#8221;||16px||false|false&#8221; custom_margin_phone=&#8221;||12px||false|false&#8221; custom_margin_last_edited=&#8221;on|tablet&#8221; text_font_size_tablet=&#8221;16px&#8221; text_font_size_phone=&#8221;14px&#8221; text_font_size_last_edited=&#8221;on|phone&#8221; text_line_height_tablet=&#8221;24px&#8221; text_line_height_phone=&#8221;22px&#8221; text_line_height_last_edited=&#8221;on|phone&#8221; global_colors_info=&#8221;{}&#8221;]<\/p>\n<span><span><a href=\"https:\/\/www.humanizacjamedycyny.pl\/\">Strona g\u0142\u00f3wna<\/a><\/span><\/span>\n<p>[\/et_pb_text][et_pb_text _builder_version=&#8221;4.19.2&#8243; _dynamic_attributes=&#8221;content&#8221; _module_preset=&#8221;default&#8221; header_font=&#8221;|700|||||||&#8221; header_text_color=&#8221;#10172b&#8221; header_font_size=&#8221;48px&#8221; header_line_height=&#8221;56px&#8221; custom_margin=&#8221;||0px||false|false&#8221; custom_padding=&#8221;||12px||false|false&#8221; header_font_size_tablet=&#8221;40px&#8221; header_font_size_phone=&#8221;32px&#8221; header_font_size_last_edited=&#8221;on|phone&#8221; header_line_height_tablet=&#8221;48px&#8221; header_line_height_phone=&#8221;40px&#8221; header_line_height_last_edited=&#8221;on|phone&#8221; global_colors_info=&#8221;{}&#8221;]@ET-DC@eyJkeW5hbWljIjp0cnVlLCJjb250ZW50IjoicG9zdF90aXRsZSIsInNldHRpbmdzIjp7ImJlZm9yZSI6IjxoMSBjbGFzcz1cInBiLTBcIj4iLCJhZnRlciI6IjwvaDE+In19@[\/et_pb_text][\/et_pb_column][\/et_pb_row][\/et_pb_section][et_pb_section fb_built=&#8221;1&#8243; admin_label=&#8221;section&#8221; _builder_version=&#8221;4.19.2&#8243; custom_padding=&#8221;0px||0px||false|false&#8221; global_colors_info=&#8221;{}&#8221;][et_pb_row custom_padding_last_edited=&#8221;on|desktop&#8221; admin_label=&#8221;row&#8221; _builder_version=&#8221;4.19.2&#8243; background_size=&#8221;initial&#8221; background_position=&#8221;top_left&#8221; background_repeat=&#8221;repeat&#8221; custom_padding=&#8221;0px||0px||true|false&#8221; custom_padding_tablet=&#8221;0px||0px||true|false&#8221; custom_padding_phone=&#8221;0px||0px||true|false&#8221; global_colors_info=&#8221;{}&#8221;][et_pb_column type=&#8221;4_4&#8243; _builder_version=&#8221;4.16&#8243; custom_padding=&#8221;|||&#8221; global_colors_info=&#8221;{}&#8221; custom_padding__hover=&#8221;|||&#8221;][et_pb_text _builder_version=&#8221;4.19.2&#8243; _module_preset=&#8221;default&#8221; header_2_font=&#8221;|600|||||||&#8221; header_2_font_size=&#8221;48px&#8221; header_2_line_height=&#8221;56px&#8221; custom_margin=&#8221;||0px||false|false&#8221; custom_padding=&#8221;||40px||false|false&#8221; custom_padding_tablet=&#8221;||32px||false|false&#8221; custom_padding_phone=&#8221;||24px||false|false&#8221; custom_padding_last_edited=&#8221;on|phone&#8221; header_2_font_size_tablet=&#8221;40px&#8221; header_2_font_size_phone=&#8221;32px&#8221; header_2_font_size_last_edited=&#8221;on|phone&#8221; header_2_line_height_tablet=&#8221;48px&#8221; header_2_line_height_phone=&#8221;40px&#8221; header_2_line_height_last_edited=&#8221;on|phone&#8221; locked=&#8221;off&#8221; global_colors_info=&#8221;{}&#8221;]<\/p>\n<h2 class=\"pb-0\">Czym jest humanizacja medycyny<\/h2>\n<p>[\/et_pb_text][et_pb_text _builder_version=&#8221;4.21.0&#8243; _module_preset=&#8221;default&#8221; text_font=&#8221;|300|||||||&#8221; text_text_color=&#8221;#707376&#8243; text_line_height=&#8221;26px&#8221; custom_margin=&#8221;||0px||false|false&#8221; custom_margin_tablet=&#8221;||32px||false|false&#8221; custom_margin_phone=&#8221;||24px||false|false&#8221; custom_margin_last_edited=&#8221;off|desktop&#8221; custom_padding=&#8221;0px||0px|24px|false|false&#8221; custom_padding_tablet=&#8221;||28px|24px|false|false&#8221; custom_padding_phone=&#8221;||24px|24px|false|false&#8221; custom_padding_last_edited=&#8221;off|phone&#8221; hover_enabled=&#8221;0&#8243; border_width_left=&#8221;2px&#8221; border_color_left=&#8221;#2973b8&#8243; locked=&#8221;off&#8221; global_colors_info=&#8221;{}&#8221; sticky_enabled=&#8221;0&#8243;]<\/p>\n<p>Humanizacja medycyny to filozoficzne spojrzenie na pacjenta, kt\u00f3re przede wszystkim uwzgl\u0119dnia poszanowanie jego godno\u015bci i praw oraz kulturowe, duchowe i emocjonalne aspekty procesu leczenia. Jej celem jest nie tylko leczenie cia\u0142a, ale tak\u017ce dbanie o optymalne samopoczucie emocjonalne i duchowe pacjenta.<\/p>\n<p>Humanizacja medycyny zwraca uwag\u0119 na potrzeby i dobrostan pacjent\u00f3w oraz rozwija pozytywne relacje mi\u0119dzy lekarzem a pacjentem oparte na poszanowaniu godno\u015bci, szacunku i empatii. Wa\u017cnym elementem humanizacji medycyny jest zapewnienie pacjentom dost\u0119pu do profesjonalnej i empatycznej opieki zdrowotnej, w kt\u00f3rej pacjenci mog\u0105 aktywnie uczestniczy\u0107 poprzez wsp\u00f3\u0142decydowanie o swoim leczeniu.<\/p>\n<p>Humanizacja medycyny obejmuje tak\u017ce praktykowanie postawy troski o dobro pacjenta i tworzenie pozytywnych relacji z personelem medycznym opartych na wzajemnym zaufaniu. W ten spos\u00f3b przyczynia si\u0119 do poprawy opieki zdrowotnej, zwi\u0119kszenia jako\u015bci \u017cycia w chorobie oraz satysfakcji pacjent\u00f3w z procesu leczenia. Zagadnienie humanizacji medycyny dotyczy zar\u00f3wno pacjent\u00f3w, jak i pracownik\u00f3w ochrony zdrowia.<\/p>\n<p>[\/et_pb_text][\/et_pb_column][\/et_pb_row][et_pb_row column_structure=&#8221;1_2,1_2&#8243; make_equal=&#8221;on&#8221; custom_padding_last_edited=&#8221;on|phone&#8221; admin_label=&#8221;row&#8221; _builder_version=&#8221;4.19.2&#8243; background_size=&#8221;initial&#8221; background_position=&#8221;top_left&#8221; background_repeat=&#8221;repeat&#8221; custom_padding=&#8221;120px||120px||true|false&#8221; custom_padding_tablet=&#8221;80px||80px||true|false&#8221; custom_padding_phone=&#8221;40px||40px||true|false&#8221; global_colors_info=&#8221;{}&#8221;][et_pb_column type=&#8221;1_2&#8243; _builder_version=&#8221;4.16&#8243; custom_padding=&#8221;|||&#8221; global_colors_info=&#8221;{}&#8221; custom_padding__hover=&#8221;|||&#8221;][et_pb_text _builder_version=&#8221;4.19.2&#8243; _module_preset=&#8221;default&#8221; header_2_font=&#8221;|600|||||||&#8221; header_2_font_size=&#8221;48px&#8221; header_2_line_height=&#8221;56px&#8221; header_3_font=&#8221;|600|||||||&#8221; header_3_font_size=&#8221;40px&#8221; header_3_line_height=&#8221;48px&#8221; custom_margin=&#8221;||0px||false|false&#8221; custom_padding=&#8221;||40px||false|false&#8221; custom_padding_tablet=&#8221;||32px||false|false&#8221; custom_padding_phone=&#8221;||24px||false|false&#8221; custom_padding_last_edited=&#8221;on|phone&#8221; hover_enabled=&#8221;0&#8243; header_3_font_size_tablet=&#8221;32px&#8221; header_3_font_size_phone=&#8221;24px&#8221; header_3_font_size_last_edited=&#8221;on|phone&#8221; header_3_line_height_tablet=&#8221;40px&#8221; header_3_line_height_phone=&#8221;32px&#8221; header_3_line_height_last_edited=&#8221;on|phone&#8221; locked=&#8221;off&#8221; global_colors_info=&#8221;{}&#8221; sticky_enabled=&#8221;0&#8243;]<\/p>\n<h3 class=\"pb-0\">Dobro pacjenta<\/h3>\n<p>[\/et_pb_text][et_pb_text _builder_version=&#8221;4.19.4&#8243; _module_preset=&#8221;default&#8221; text_font=&#8221;|300|||||||&#8221; text_text_color=&#8221;#707376&#8243; text_line_height=&#8221;26px&#8221; custom_margin=&#8221;||0px||false|false&#8221; custom_margin_tablet=&#8221;||32px||false|false&#8221; custom_margin_phone=&#8221;||24px||false|false&#8221; custom_margin_last_edited=&#8221;off|phone&#8221; custom_padding=&#8221;0px||0px||false|false&#8221; custom_padding_tablet=&#8221;||28px|24px|false|false&#8221; custom_padding_phone=&#8221;||24px|24px|false|false&#8221; custom_padding_last_edited=&#8221;off|phone&#8221; hover_enabled=&#8221;0&#8243; locked=&#8221;off&#8221; global_colors_info=&#8221;{}&#8221; sticky_enabled=&#8221;0&#8243;]Dobro pacjenta pozostaje celem humanizacji medycyny. Oznacza to, \u017ce wszelkie decyzje dotycz\u0105ce leczenia powinny by\u0107 podejmowane z poszanowaniem jego autonomii oraz przys\u0142uguj\u0105cych mu praw.<\/p>\n<p>Koncepcja dobra pacjenta jest kompleksowa i obejmuje wszystko to, co korzystne dla jego zdrowia i dobrostanu. Obejmuje ona nie tylko aspekty fizyczne, ale r\u00f3wnie\u017c psychiczne, emocjonalne i duchowe. Dobro pacjenta powinno stanowi\u0107 g\u0142\u00f3wny cel opieki medycznej i lekarze oraz inni pracownicy s\u0142u\u017cby zdrowia powinni zawsze d\u0105\u017cy\u0107 do zapewnienia pacjentom najlepszej mo\u017cliwej opieki, odpowiadaj\u0105cej ich indywidualnym potrzebom. Aby to osi\u0105gn\u0105\u0107, konieczna jest dobra komunikacja i wsp\u00f3\u0142praca mi\u0119dzy pacjentami a lekarzami i innymi pracownikami s\u0142u\u017cby zdrowia.[\/et_pb_text][\/et_pb_column][et_pb_column type=&#8221;1_2&#8243; _builder_version=&#8221;4.16&#8243; custom_padding=&#8221;|||&#8221; global_colors_info=&#8221;{}&#8221; custom_padding__hover=&#8221;|||&#8221;][et_pb_image src=&#8221;https:\/\/humanizacjamedycyny.pl\/wp-content\/uploads\/2022\/12\/o_humanizacji_1.jpg&#8221; title_text=&#8221;o_humanizacji_1&#8243; _builder_version=&#8221;4.19.2&#8243; _module_preset=&#8221;default&#8221; locked=&#8221;off&#8221; global_colors_info=&#8221;{}&#8221;][\/et_pb_image][\/et_pb_column][\/et_pb_row][et_pb_row column_structure=&#8221;1_2,1_2&#8243; make_equal=&#8221;on&#8221; custom_padding_last_edited=&#8221;on|desktop&#8221; admin_label=&#8221;row&#8221; _builder_version=&#8221;4.19.2&#8243; background_size=&#8221;initial&#8221; background_position=&#8221;top_left&#8221; background_repeat=&#8221;repeat&#8221; custom_padding=&#8221;0px||0px||true|false&#8221; custom_padding_tablet=&#8221;0px||0px||true|false&#8221; custom_padding_phone=&#8221;0px||0px||true|false&#8221; global_colors_info=&#8221;{}&#8221;][et_pb_column type=&#8221;1_2&#8243; _builder_version=&#8221;4.16&#8243; custom_padding=&#8221;|||&#8221; global_colors_info=&#8221;{}&#8221; custom_padding__hover=&#8221;|||&#8221;][et_pb_image src=&#8221;https:\/\/humanizacjamedycyny.pl\/wp-content\/uploads\/2022\/12\/o_humanizacji_2.jpg&#8221; title_text=&#8221;o_humanizacji_2&#8243; _builder_version=&#8221;4.19.2&#8243; _module_preset=&#8221;default&#8221; locked=&#8221;off&#8221; global_colors_info=&#8221;{}&#8221;][\/et_pb_image][\/et_pb_column][et_pb_column type=&#8221;1_2&#8243; _builder_version=&#8221;4.16&#8243; custom_padding=&#8221;|||&#8221; global_colors_info=&#8221;{}&#8221; custom_padding__hover=&#8221;|||&#8221;][et_pb_text _builder_version=&#8221;4.19.2&#8243; _module_preset=&#8221;default&#8221; header_2_font=&#8221;|600|||||||&#8221; header_2_font_size=&#8221;48px&#8221; header_2_line_height=&#8221;56px&#8221; header_3_font=&#8221;|600|||||||&#8221; header_3_font_size=&#8221;40px&#8221; header_3_line_height=&#8221;48px&#8221; custom_margin=&#8221;||0px||false|false&#8221; custom_padding=&#8221;||40px||false|false&#8221; custom_padding_tablet=&#8221;||32px||false|false&#8221; custom_padding_phone=&#8221;||24px||false|false&#8221; custom_padding_last_edited=&#8221;on|phone&#8221; header_3_font_size_tablet=&#8221;32px&#8221; header_3_font_size_phone=&#8221;24px&#8221; header_3_font_size_last_edited=&#8221;on|phone&#8221; header_3_line_height_tablet=&#8221;40px&#8221; header_3_line_height_phone=&#8221;32px&#8221; header_3_line_height_last_edited=&#8221;on|phone&#8221; locked=&#8221;off&#8221; global_colors_info=&#8221;{}&#8221;]<\/p>\n<h3 class=\"pb-0\">Relacja pacjent-lekarz<\/h3>\n<p>[\/et_pb_text][et_pb_text _builder_version=&#8221;4.19.4&#8243; _module_preset=&#8221;default&#8221; text_font=&#8221;|300|||||||&#8221; text_text_color=&#8221;#707376&#8243; text_line_height=&#8221;26px&#8221; custom_margin=&#8221;||0px||false|false&#8221; custom_padding=&#8221;0px||0px||false|false&#8221; locked=&#8221;off&#8221; global_colors_info=&#8221;{}&#8221;]Relacja pacjent-lekarz to nie tylko przekazywanie informacji o stanie zdrowia i podejmowanie decyzji dotycz\u0105cych leczenia. W kontek\u015bcie humanizacji medycyny, ta relacja powinna by\u0107 oparta na szacunku i zaufaniu, a przede wszystkim na rozumieniu potrzeb i obaw pacjenta. Lekarz powinien traktowa\u0107 pacjenta jako osob\u0119, rozumie\u0107 jego s\u0142abo\u015bci i pomaga\u0107 mu w radzeniu sobie z chorob\u0105.<\/p>\n<p>Lekarze powinni rozumie\u0107 emocjonalne i psychologiczne potrzeby pacjent\u00f3w oraz ich kontekst kulturowy i spo\u0142eczny. Wa\u017cne jest, aby traktowali pacjent\u00f3w z szacunkiem i empati\u0105 oraz umo\u017cliwiali im dost\u0119p do opieki paliatywnej i wsparcia emocjonalnego w trudnych chwilach. W ten spos\u00f3b lekarze mog\u0105 pom\u00f3c pacjentom radzi\u0107 sobie z chorob\u0105 i poprawi\u0107 jako\u015b\u0107 ich \u017cycia.[\/et_pb_text][\/et_pb_column][\/et_pb_row][\/et_pb_section]<\/p>\n","protected":false},"excerpt":{"rendered":"<p><span><span><a href=\"https:\/\/www.humanizacjamedycyny.pl\/\">Strona g\u0142\u00f3wna<\/a><\/span><\/span>Czym jest humanizacja medycynyHumanizacja medycyny to filozoficzne spojrzenie na pacjenta, kt\u00f3re przede wszystkim uwzgl\u0119dnia poszanowanie jego godno\u015bci i praw oraz kulturowe, duchowe i emocjonalne aspekty procesu leczenia. Jej celem jest nie tylko leczenie cia\u0142a, ale tak\u017ce dbanie o optymalne samopoczucie emocjonalne i duchowe pacjenta. Humanizacja medycyny zwraca uwag\u0119 na potrzeby i dobrostan pacjent\u00f3w oraz rozwija [&hellip;]<\/p>\n","protected":false},"author":5,"featured_media":0,"parent":0,"menu_order":0,"comment_status":"closed","ping_status":"closed","template":"","meta":{"_et_pb_use_builder":"on","_et_pb_old_content":"","_et_gb_content_width":"","inline_featured_image":false,"footnotes":""},"class_list":["post-1082","page","type-page","status-publish","hentry"],"yoast_head":"<!-- This site is optimized with the Yoast SEO plugin v27.4 - https:\/\/yoast.com\/product\/yoast-seo-wordpress\/ -->\n<title>O humanizacji - Humanizacja medycyny<\/title>\n<meta name=\"robots\" content=\"index, follow, max-snippet:-1, max-image-preview:large, max-video-preview:-1\" \/>\n<link rel=\"canonical\" href=\"https:\/\/www.humanizacjamedycyny.pl\/en\/o-humanisation\/\" \/>\n<meta property=\"og:locale\" content=\"en_GB\" \/>\n<meta property=\"og:type\" content=\"article\" \/>\n<meta property=\"og:title\" content=\"O humanizacji - Humanizacja medycyny\" \/>\n<meta property=\"og:description\" content=\"Czym jest humanizacja medycynyHumanizacja medycyny to filozoficzne spojrzenie na pacjenta, kt\u00f3re przede wszystkim uwzgl\u0119dnia poszanowanie jego godno\u015bci i praw oraz kulturowe, duchowe i emocjonalne aspekty procesu leczenia. Jej celem jest nie tylko leczenie cia\u0142a, ale tak\u017ce dbanie o optymalne samopoczucie emocjonalne i duchowe pacjenta. Humanizacja medycyny zwraca uwag\u0119 na potrzeby i dobrostan pacjent\u00f3w oraz rozwija [&hellip;]\" \/>\n<meta property=\"og:url\" content=\"https:\/\/www.humanizacjamedycyny.pl\/en\/o-humanisation\/\" \/>\n<meta property=\"og:site_name\" content=\"Humanizacja medycyny\" \/>\n<meta property=\"article:publisher\" content=\"https:\/\/www.facebook.com\/humanizacjamedycyny\" \/>\n<meta property=\"article:modified_time\" content=\"2023-05-10T06:40:34+00:00\" \/>\n<meta property=\"og:image\" content=\"https:\/\/www.humanizacjamedycyny.pl\/wp-content\/uploads\/2022\/12\/og-image.jpg\" \/>\n\t<meta property=\"og:image:width\" content=\"1200\" \/>\n\t<meta property=\"og:image:height\" content=\"627\" \/>\n\t<meta property=\"og:image:type\" content=\"image\/jpeg\" \/>\n<meta name=\"twitter:card\" content=\"summary_large_image\" \/>\n<script type=\"application\/ld+json\" class=\"yoast-schema-graph\">{\"@context\":\"https:\\\/\\\/schema.org\",\"@graph\":[{\"@type\":\"WebPage\",\"@id\":\"https:\\\/\\\/www.humanizacjamedycyny.pl\\\/o-humanizacji\\\/\",\"url\":\"https:\\\/\\\/www.humanizacjamedycyny.pl\\\/o-humanizacji\\\/\",\"name\":\"O humanizacji - Humanizacja medycyny\",\"isPartOf\":{\"@id\":\"https:\\\/\\\/www.humanizacjamedycyny.pl\\\/#website\"},\"datePublished\":\"2022-12-08T15:50:09+00:00\",\"dateModified\":\"2023-05-10T06:40:34+00:00\",\"breadcrumb\":{\"@id\":\"https:\\\/\\\/www.humanizacjamedycyny.pl\\\/o-humanizacji\\\/#breadcrumb\"},\"inLanguage\":\"en-GB\",\"potentialAction\":[{\"@type\":\"ReadAction\",\"target\":[\"https:\\\/\\\/www.humanizacjamedycyny.pl\\\/o-humanizacji\\\/\"]}]},{\"@type\":\"BreadcrumbList\",\"@id\":\"https:\\\/\\\/www.humanizacjamedycyny.pl\\\/o-humanizacji\\\/#breadcrumb\",\"itemListElement\":[{\"@type\":\"ListItem\",\"position\":1,\"name\":\"Strona g\u0142\u00f3wna\",\"item\":\"https:\\\/\\\/www.humanizacjamedycyny.pl\\\/\"},{\"@type\":\"ListItem\",\"position\":2,\"name\":\"O humanizacji\"}]},{\"@type\":\"WebSite\",\"@id\":\"https:\\\/\\\/www.humanizacjamedycyny.pl\\\/#website\",\"url\":\"https:\\\/\\\/www.humanizacjamedycyny.pl\\\/\",\"name\":\"Humanizacja medycyny\",\"description\":\"Deficytem w medycynie w Polsce nadal pozostaje wykorzystanie potencja\u0142u nauk humanistycznych.\",\"potentialAction\":[{\"@type\":\"SearchAction\",\"target\":{\"@type\":\"EntryPoint\",\"urlTemplate\":\"https:\\\/\\\/www.humanizacjamedycyny.pl\\\/?s={search_term_string}\"},\"query-input\":{\"@type\":\"PropertyValueSpecification\",\"valueRequired\":true,\"valueName\":\"search_term_string\"}}],\"inLanguage\":\"en-GB\"}]}<\/script>\n<!-- \/ Yoast SEO plugin. -->","yoast_head_json":{"title":"On humanisation - Humanisation of medicine","robots":{"index":"index","follow":"follow","max-snippet":"max-snippet:-1","max-image-preview":"max-image-preview:large","max-video-preview":"max-video-preview:-1"},"canonical":"https:\/\/www.humanizacjamedycyny.pl\/en\/o-humanisation\/","og_locale":"en_GB","og_type":"article","og_title":"O humanizacji - Humanizacja medycyny","og_description":"Czym jest humanizacja medycynyHumanizacja medycyny to filozoficzne spojrzenie na pacjenta, kt\u00f3re przede wszystkim uwzgl\u0119dnia poszanowanie jego godno\u015bci i praw oraz kulturowe, duchowe i emocjonalne aspekty procesu leczenia. Jej celem jest nie tylko leczenie cia\u0142a, ale tak\u017ce dbanie o optymalne samopoczucie emocjonalne i duchowe pacjenta. Humanizacja medycyny zwraca uwag\u0119 na potrzeby i dobrostan pacjent\u00f3w oraz rozwija [&hellip;]","og_url":"https:\/\/www.humanizacjamedycyny.pl\/en\/o-humanisation\/","og_site_name":"Humanizacja medycyny","article_publisher":"https:\/\/www.facebook.com\/humanizacjamedycyny","article_modified_time":"2023-05-10T06:40:34+00:00","og_image":[{"width":1200,"height":627,"url":"https:\/\/www.humanizacjamedycyny.pl\/wp-content\/uploads\/2022\/12\/og-image.jpg","type":"image\/jpeg"}],"twitter_card":"summary_large_image","schema":{"@context":"https:\/\/schema.org","@graph":[{"@type":"WebPage","@id":"https:\/\/www.humanizacjamedycyny.pl\/o-humanizacji\/","url":"https:\/\/www.humanizacjamedycyny.pl\/o-humanizacji\/","name":"On humanisation - Humanisation of medicine","isPartOf":{"@id":"https:\/\/www.humanizacjamedycyny.pl\/#website"},"datePublished":"2022-12-08T15:50:09+00:00","dateModified":"2023-05-10T06:40:34+00:00","breadcrumb":{"@id":"https:\/\/www.humanizacjamedycyny.pl\/o-humanizacji\/#breadcrumb"},"inLanguage":"en-GB","potentialAction":[{"@type":"ReadAction","target":["https:\/\/www.humanizacjamedycyny.pl\/o-humanizacji\/"]}]},{"@type":"BreadcrumbList","@id":"https:\/\/www.humanizacjamedycyny.pl\/o-humanizacji\/#breadcrumb","itemListElement":[{"@type":"ListItem","position":1,"name":"Strona g\u0142\u00f3wna","item":"https:\/\/www.humanizacjamedycyny.pl\/"},{"@type":"ListItem","position":2,"name":"O humanizacji"}]},{"@type":"WebSite","@id":"https:\/\/www.humanizacjamedycyny.pl\/#website","url":"https:\/\/www.humanizacjamedycyny.pl\/","name":"Humanisation of medicine","description":"A deficit in medicine in Poland is still the exploitation of the potential of the humanities.","potentialAction":[{"@type":"SearchAction","target":{"@type":"EntryPoint","urlTemplate":"https:\/\/www.humanizacjamedycyny.pl\/?s={search_term_string}"},"query-input":{"@type":"PropertyValueSpecification","valueRequired":true,"valueName":"search_term_string"}}],"inLanguage":"en-GB"}]}},"_links":{"self":[{"href":"https:\/\/www.humanizacjamedycyny.pl\/en\/wp-json\/wp\/v2\/pages\/1082","targetHints":{"allow":["GET"]}}],"collection":[{"href":"https:\/\/www.humanizacjamedycyny.pl\/en\/wp-json\/wp\/v2\/pages"}],"about":[{"href":"https:\/\/www.humanizacjamedycyny.pl\/en\/wp-json\/wp\/v2\/types\/page"}],"author":[{"embeddable":true,"href":"https:\/\/www.humanizacjamedycyny.pl\/en\/wp-json\/wp\/v2\/users\/5"}],"replies":[{"embeddable":true,"href":"https:\/\/www.humanizacjamedycyny.pl\/en\/wp-json\/wp\/v2\/comments?post=1082"}],"version-history":[{"count":17,"href":"https:\/\/www.humanizacjamedycyny.pl\/en\/wp-json\/wp\/v2\/pages\/1082\/revisions"}],"predecessor-version":[{"id":5349,"href":"https:\/\/www.humanizacjamedycyny.pl\/en\/wp-json\/wp\/v2\/pages\/1082\/revisions\/5349"}],"wp:attachment":[{"href":"https:\/\/www.humanizacjamedycyny.pl\/en\/wp-json\/wp\/v2\/media?parent=1082"}],"curies":[{"name":"wp","href":"https:\/\/api.w.org\/{rel}","templated":true}]}}